{"id":494,"date":"2026-03-10T11:33:55","date_gmt":"2026-03-10T10:33:55","guid":{"rendered":"http:\/\/elementor3.local\/sklep\/mazurek-czekoladowo-kajmakowy\/"},"modified":"2026-03-20T09:26:31","modified_gmt":"2026-03-20T08:26:31","slug":"mazurek-czekoladowo-kajmakowy","status":"publish","type":"product","link":"https:\/\/restauracjaakademia.pl\/sklep\/sklep\/mazurek-czekoladowo-kajmakowy\/","title":{"rendered":"Mazurek czekoladowo-kajmakowy"},"content":{"rendered":"<p>\u015awi\u0105teczny mazurek przygotowany na ma\u015blanym, kruchym spodzie, wyko\u0144czony warstw\u0105 masy kajmakowej i czekolady. Bogaty, s\u0142odki i bardzo efektowny deser o klasycznym charakterze.<\/p>\n","protected":false},"excerpt":{"rendered":"<p>Mazurek na ma\u015blanym kruchym spodzie z kajmakiem i czekolad\u0105.<\/p>\n","protected":false},"featured_media":431,"comment_status":"open","ping_status":"closed","template":"","meta":{"_acf_changed":false},"product_brand":[],"product_cat":[39],"product_tag":[],"class_list":{"0":"post-494","1":"product","2":"type-product","3":"status-publish","4":"has-post-thumbnail","6":"product_cat-desery","8":"first","9":"instock","10":"shipping-taxable","11":"purchasable","12":"product-type-simple"},"acf":[],"_links":{"self":[{"href":"https:\/\/restauracjaakademia.pl\/sklep\/wp-json\/wp\/v2\/product\/494","targetHints":{"allow":["GET"]}}],"collection":[{"href":"https:\/\/restauracjaakademia.pl\/sklep\/wp-json\/wp\/v2\/product"}],"about":[{"href":"https:\/\/restauracjaakademia.pl\/sklep\/wp-json\/wp\/v2\/types\/product"}],"replies":[{"embeddable":true,"href":"https:\/\/restauracjaakademia.pl\/sklep\/wp-json\/wp\/v2\/comments?post=494"}],"wp:featuredmedia":[{"embeddable":true,"href":"https:\/\/restauracjaakademia.pl\/sklep\/wp-json\/wp\/v2\/media\/431"}],"wp:attachment":[{"href":"https:\/\/restauracjaakademia.pl\/sklep\/wp-json\/wp\/v2\/media?parent=494"}],"wp:term":[{"taxonomy":"product_brand","embeddable":true,"href":"https:\/\/restauracjaakademia.pl\/sklep\/wp-json\/wp\/v2\/product_brand?post=494"},{"taxonomy":"product_cat","embeddable":true,"href":"https:\/\/restauracjaakademia.pl\/sklep\/wp-json\/wp\/v2\/product_cat?post=494"},{"taxonomy":"product_tag","embeddable":true,"href":"https:\/\/restauracjaakademia.pl\/sklep\/wp-json\/wp\/v2\/product_tag?post=494"}],"curies":[{"name":"wp","href":"https:\/\/api.w.org\/{rel}","templated":true}]}}