{"id":493,"date":"2026-03-10T11:33:55","date_gmt":"2026-03-10T10:33:55","guid":{"rendered":"http:\/\/elementor3.local\/sklep\/szarlotka-z-cynamonem\/"},"modified":"2026-03-20T09:26:31","modified_gmt":"2026-03-20T08:26:31","slug":"szarlotka-z-cynamonem","status":"publish","type":"product","link":"https:\/\/restauracjaakademia.pl\/sklep\/sklep\/szarlotka-z-cynamonem\/","title":{"rendered":"Szarlotka z cynamonem"},"content":{"rendered":"<p>Tradycyjna szarlotka przygotowana z du\u017c\u0105 ilo\u015bci\u0105 jab\u0142ek, doprawionych cynamonem i przykrytych chrupi\u0105c\u0105 kruszonk\u0105. Domowy, aromatyczny deser, kt\u00f3ry zawsze si\u0119 sprawdza.<\/p>\n","protected":false},"excerpt":{"rendered":"<p>Klasyczna szarlotka z du\u017c\u0105 ilo\u015bci\u0105 jab\u0142ek, cynamonem i kruszonk\u0105.<\/p>\n","protected":false},"featured_media":446,"comment_status":"open","ping_status":"closed","template":"","meta":{"_acf_changed":false},"product_brand":[],"product_cat":[39],"product_tag":[],"class_list":{"0":"post-493","1":"product","2":"type-product","3":"status-publish","4":"has-post-thumbnail","6":"product_cat-desery","8":"first","9":"instock","10":"shipping-taxable","11":"purchasable","12":"product-type-simple"},"acf":[],"_links":{"self":[{"href":"https:\/\/restauracjaakademia.pl\/sklep\/wp-json\/wp\/v2\/product\/493","targetHints":{"allow":["GET"]}}],"collection":[{"href":"https:\/\/restauracjaakademia.pl\/sklep\/wp-json\/wp\/v2\/product"}],"about":[{"href":"https:\/\/restauracjaakademia.pl\/sklep\/wp-json\/wp\/v2\/types\/product"}],"replies":[{"embeddable":true,"href":"https:\/\/restauracjaakademia.pl\/sklep\/wp-json\/wp\/v2\/comments?post=493"}],"wp:featuredmedia":[{"embeddable":true,"href":"https:\/\/restauracjaakademia.pl\/sklep\/wp-json\/wp\/v2\/media\/446"}],"wp:attachment":[{"href":"https:\/\/restauracjaakademia.pl\/sklep\/wp-json\/wp\/v2\/media?parent=493"}],"wp:term":[{"taxonomy":"product_brand","embeddable":true,"href":"https:\/\/restauracjaakademia.pl\/sklep\/wp-json\/wp\/v2\/product_brand?post=493"},{"taxonomy":"product_cat","embeddable":true,"href":"https:\/\/restauracjaakademia.pl\/sklep\/wp-json\/wp\/v2\/product_cat?post=493"},{"taxonomy":"product_tag","embeddable":true,"href":"https:\/\/restauracjaakademia.pl\/sklep\/wp-json\/wp\/v2\/product_tag?post=493"}],"curies":[{"name":"wp","href":"https:\/\/api.w.org\/{rel}","templated":true}]}}