{"id":492,"date":"2026-03-10T11:33:54","date_gmt":"2026-03-10T10:33:54","guid":{"rendered":"http:\/\/elementor3.local\/sklep\/kultowy-sernik-akademia\/"},"modified":"2026-03-20T09:26:31","modified_gmt":"2026-03-20T08:26:31","slug":"kultowy-sernik-akademia","status":"publish","type":"product","link":"https:\/\/restauracjaakademia.pl\/sklep\/sklep\/kultowy-sernik-akademia\/","title":{"rendered":"Kultowy sernik \u201eAKADEMIA\u201d"},"content":{"rendered":"<p>Bestseller restauracji. Wyj\u0105tkowo kremowy sernik z dodatkiem bia\u0142ej czekolady, przygotowany na ciemnym spodzie i pieczony w k\u0105pieli wodnej, dzi\u0119ki czemu zyskuje aksamitn\u0105 struktur\u0119 i g\u0142\u0119boki, deserowy smak.<\/p>\n","protected":false},"excerpt":{"rendered":"<p>Kremowy sernik z bia\u0142\u0105 czekolad\u0105 pieczony w k\u0105pieli wodnej.<\/p>\n","protected":false},"featured_media":429,"comment_status":"open","ping_status":"closed","template":"","meta":{"_acf_changed":false},"product_brand":[],"product_cat":[39],"product_tag":[],"class_list":{"0":"post-492","1":"product","2":"type-product","3":"status-publish","4":"has-post-thumbnail","6":"product_cat-desery","8":"first","9":"instock","10":"shipping-taxable","11":"purchasable","12":"product-type-simple"},"acf":[],"_links":{"self":[{"href":"https:\/\/restauracjaakademia.pl\/sklep\/wp-json\/wp\/v2\/product\/492","targetHints":{"allow":["GET"]}}],"collection":[{"href":"https:\/\/restauracjaakademia.pl\/sklep\/wp-json\/wp\/v2\/product"}],"about":[{"href":"https:\/\/restauracjaakademia.pl\/sklep\/wp-json\/wp\/v2\/types\/product"}],"replies":[{"embeddable":true,"href":"https:\/\/restauracjaakademia.pl\/sklep\/wp-json\/wp\/v2\/comments?post=492"}],"wp:featuredmedia":[{"embeddable":true,"href":"https:\/\/restauracjaakademia.pl\/sklep\/wp-json\/wp\/v2\/media\/429"}],"wp:attachment":[{"href":"https:\/\/restauracjaakademia.pl\/sklep\/wp-json\/wp\/v2\/media?parent=492"}],"wp:term":[{"taxonomy":"product_brand","embeddable":true,"href":"https:\/\/restauracjaakademia.pl\/sklep\/wp-json\/wp\/v2\/product_brand?post=492"},{"taxonomy":"product_cat","embeddable":true,"href":"https:\/\/restauracjaakademia.pl\/sklep\/wp-json\/wp\/v2\/product_cat?post=492"},{"taxonomy":"product_tag","embeddable":true,"href":"https:\/\/restauracjaakademia.pl\/sklep\/wp-json\/wp\/v2\/product_tag?post=492"}],"curies":[{"name":"wp","href":"https:\/\/api.w.org\/{rel}","templated":true}]}}