{"id":486,"date":"2026-03-10T11:33:52","date_gmt":"2026-03-10T10:33:52","guid":{"rendered":"http:\/\/elementor3.local\/sklep\/noga-kaczki-confit-z-kopytkami-i-sosem-wisniowym-czerwona-kapusta\/"},"modified":"2026-03-20T09:26:31","modified_gmt":"2026-03-20T08:26:31","slug":"noga-kaczki-confit-z-kopytkami-i-sosem-wisniowym-czerwona-kapusta","status":"publish","type":"product","link":"https:\/\/restauracjaakademia.pl\/sklep\/sklep\/noga-kaczki-confit-z-kopytkami-i-sosem-wisniowym-czerwona-kapusta\/","title":{"rendered":"Noga kaczki confit z kopytkami i sosem wi\u015bniowym czerwon\u0105 kapust\u0105"},"content":{"rendered":"<p>Marynowana w owocach i konfitowana noga kaczki podawana z r\u0119cznie robionymi kopytkami, duszon\u0105 czerwon\u0105 kapust\u0105 z rodzynkami oraz sosem wi\u015bniowym. Bogate, wyraziste danie \u0142\u0105cz\u0105ce klasyk\u0119 z eleganck\u0105, owocow\u0105 nut\u0105.<\/p>\n","protected":false},"excerpt":{"rendered":"<p>Konfitowana noga kaczki z kopytkami, sosem wi\u015bniowym i duszon\u0105 czerwon\u0105 kapust\u0105.<\/p>\n","protected":false},"featured_media":432,"comment_status":"open","ping_status":"closed","template":"","meta":{"_acf_changed":false},"product_brand":[],"product_cat":[31],"product_tag":[],"class_list":{"0":"post-486","1":"product","2":"type-product","3":"status-publish","4":"has-post-thumbnail","6":"product_cat-dania-glowne","8":"first","9":"instock","10":"shipping-taxable","11":"purchasable","12":"product-type-simple"},"acf":[],"_links":{"self":[{"href":"https:\/\/restauracjaakademia.pl\/sklep\/wp-json\/wp\/v2\/product\/486","targetHints":{"allow":["GET"]}}],"collection":[{"href":"https:\/\/restauracjaakademia.pl\/sklep\/wp-json\/wp\/v2\/product"}],"about":[{"href":"https:\/\/restauracjaakademia.pl\/sklep\/wp-json\/wp\/v2\/types\/product"}],"replies":[{"embeddable":true,"href":"https:\/\/restauracjaakademia.pl\/sklep\/wp-json\/wp\/v2\/comments?post=486"}],"wp:featuredmedia":[{"embeddable":true,"href":"https:\/\/restauracjaakademia.pl\/sklep\/wp-json\/wp\/v2\/media\/432"}],"wp:attachment":[{"href":"https:\/\/restauracjaakademia.pl\/sklep\/wp-json\/wp\/v2\/media?parent=486"}],"wp:term":[{"taxonomy":"product_brand","embeddable":true,"href":"https:\/\/restauracjaakademia.pl\/sklep\/wp-json\/wp\/v2\/product_brand?post=486"},{"taxonomy":"product_cat","embeddable":true,"href":"https:\/\/restauracjaakademia.pl\/sklep\/wp-json\/wp\/v2\/product_cat?post=486"},{"taxonomy":"product_tag","embeddable":true,"href":"https:\/\/restauracjaakademia.pl\/sklep\/wp-json\/wp\/v2\/product_tag?post=486"}],"curies":[{"name":"wp","href":"https:\/\/api.w.org\/{rel}","templated":true}]}}