{"id":77,"date":"2026-03-09T11:16:07","date_gmt":"2026-03-09T10:16:07","guid":{"rendered":"http:\/\/elementor1\/terms-privacy\/"},"modified":"2026-03-10T15:50:09","modified_gmt":"2026-03-10T14:50:09","slug":"regulamin","status":"publish","type":"page","link":"https:\/\/restauracjaakademia.pl\/sklep\/regulamin\/","title":{"rendered":"Regulamin"},"content":{"rendered":"\t\t<div data-elementor-type=\"wp-page\" data-elementor-id=\"77\" class=\"elementor elementor-77\" data-elementor-post-type=\"page\">\n\t\t\t\t<div class=\"elementor-element elementor-element-412ac26a e-flex e-con-boxed e-con e-parent\" data-id=\"412ac26a\" data-element_type=\"container\" data-e-type=\"container\">\n\t\t\t\t\t<div class=\"e-con-inner\">\n\t\t\t\t<div class=\"elementor-element elementor-element-7deca6b2 elementor-widget-mobile__width-inherit elementor-hidden-desktop elementor-hidden-tablet elementor-hidden-mobile elementor-widget elementor-widget-heading\" data-id=\"7deca6b2\" data-element_type=\"widget\" data-e-type=\"widget\" data-widget_type=\"heading.default\">\n\t\t\t\t\t<h1 class=\"elementor-heading-title elementor-size-default\">REGULAMIN SKLEPU INTERNETOWEGO uwieniawy.pl\/sklep<\/h1>\t\t\t\t<\/div>\n\t\t\t\t<div class=\"elementor-element elementor-element-b919138 elementor-hidden-desktop elementor-hidden-tablet elementor-hidden-mobile elementor-widget elementor-widget-text-editor\" data-id=\"b919138\" data-element_type=\"widget\" data-e-type=\"widget\" data-widget_type=\"text-editor.default\">\n\t\t\t\t\t\t\t\t\t<p>Niniejszy Regulamin okre\u015bla zasady sprzeda\u017cy w ramach Sklepu internetowego dzia\u0142aj\u0105cego pod adresem <a href=\"https:\/\/www.uwieniawy.pl\/sklep\">www.uwieniawy.pl\/sklep<\/a>, nale\u017c\u0105cego do Sprzedawcy, zdefiniowanego poni\u017cej.<\/p><p>Korzystaj\u0105c ze sklepu Internetowego uwieniawy.pl\/sklep Kupuj\u0105cy potwierdza, i\u017c zapozna\u0142 si\u0119 tre\u015bci\u0105 regulaminu oraz akceptuje wszystkie jego zasady, oraz jest zobligowany do ich przestrzegania. Niniejszy regulamin jest integraln\u0105 cz\u0119\u015bci\u0105 umowy sprzeda\u017cy zawieranej mi\u0119dzy Sprzedawc\u0105 a Kupuj\u0105cym. Warunkiem zawarcia umowy sprzeda\u017cy jest akceptacja Regulaminu przez Kupuj\u0105cego. Zostaje udost\u0119pniony zgodnie z wymogami art. 8 ust. 1 ustawy z dnia 18 lipca 2002 roku o \u015bwiadczeniu us\u0142ug drog\u0105 elektroniczn\u0105 tj. Dz. U. z 2020 r. poz. 344. R\u00f3wnocze\u015bnie wype\u0142nia obowi\u0105zki informacyjne przewidziane tre\u015bci\u0105 art.12 ust.1oraz art.18 ustawy z dnia 30 maja 2014 r. o prawach konsumenta (tj. Dz.U. z 2020 r. poz. 287).<\/p><p><strong>\u00a71. Definicje<\/strong><\/p><ul><li><p><strong>Kodeks cywilny<\/strong> \u2013 ustawa z dnia 23 Kwietnia 1964r. (Dz.U.2020.1740 z po\u017an zm.)<\/p><\/li><li><p><strong>Konsument<\/strong> \u2013 osoba fizyczna w rozumieniu art. 221 Kodeksu Cywilnego<\/p><\/li><li><p><strong>Kupuj\u0105cy \/ Klient<\/strong> \u2013 osoba fizyczna, osoba prawna lub jednostka organizacyjna nieb\u0119d\u0105ca osob\u0105 prawn\u0105, kt\u00f3rej przepisy szczeg\u00f3lne przyznaj\u0105 zdolno\u015b\u0107 prawn\u0105, kt\u00f3ra dokonuje lub planuje dokona\u0107 Zam\u00f3wienia w ramach Sklepu, w tym r\u00f3wnie\u017c Konsumenta, Przedsi\u0119biorc\u0119 na prawach konsumenta oraz Przedsi\u0119biorc\u0119<\/p><\/li><li><p><strong>Newsletter<\/strong> \u2013 us\u0142uga umo\u017cliwiaj\u0105ca Klientowi otrzymywanie od Sklepu cyklicznych informacji handlowych za pomoc\u0105 \u015brodk\u00f3w komunikacji, w tym informacji o nowo\u015bciach, promocjach. Zapis jest dobrowolny, wyra\u017cany poprzez wskazanie adresu e-mail i numeru kontaktowego Klienta<\/p><\/li><li><p><strong>P\u0142atno\u015b\u0107<\/strong> \u2013 \u015bwiadczenie pieni\u0119\u017cne Klienta dokonywane z tytu\u0142u Transakcji. P\u0142atno\u015bci realizowane s\u0105 zgodnie z postanowieniami \u00a7 5<\/p><\/li><li><p><strong>Produkt \/ Towar<\/strong> \u2013 produkt oferowany Klientowi przez Sprzedawc\u0119 za po\u015brednictwem Sklepu Internetowego<\/p><\/li><li><p><strong>Przedsi\u0119biorca<\/strong> \u2013 osoba fizyczna, osoba prawna lub jednostka organizacyjna nieb\u0119d\u0105ca osob\u0105 prawn\u0105, kt\u00f3rej ustawa przyznaje zdolno\u015b\u0107 prawn\u0105, prowadz\u0105ca we w\u0142asnym imieniu dzia\u0142alno\u015b\u0107 gospodarcz\u0105 lub zawodow\u0105 i dokonuj\u0105ca czynno\u015bci prawnej zwi\u0105zane bezpo\u015brednio z jej dzia\u0142alno\u015bci\u0105 gospodarcz\u0105 lub zawodow\u0105<\/p><\/li><li><p><strong>Regulamin<\/strong> \u2013 niniejszy regulamin \u015bwiadczenia us\u0142ug drog\u0105 elektroniczn\u0105 w rozumieniu art. 8 ustawy o \u015bwiadczeniu us\u0142ug drog\u0105 elektroniczn\u0105 z dnia 18 lipca 2002 r. (Dz.U.2020.344)<\/p><\/li><li><p><strong>Sklep \/ Sklep Internetowy<\/strong> \u2013 sklep Internetowy prowadzony pod adresem <a href=\"https:\/\/www.uwieniawy.pl\/sklep\">www.uwieniawy.pl\/sklep<\/a><\/p><\/li><li><p><strong>Sprzedawca<\/strong> \u2013 Grato 2 Sp. z o.o. z siedzib\u0105 w Warszawie przy Plac Pi\u0142sudskiego 9 (00-078 Warszawa), wpisana do Rejestru Przedsi\u0119biorc\u00f3w Krajowego Rejestru S\u0105dowego, kt\u00f3rej akta rejestrowe znajduj\u0105 si\u0119 w S\u0105dzie Rejonowym dla m. st. Warszawy w Warszawie, XII Wydzia\u0142 Gospodarczy Krajowego Rejestru S\u0105dowego pod numerem KRS: 0001214326, posiadaj\u0105ca REGON: 543592922, NIP: 5253073256, o kapitale zak\u0142adowym 5.000 z\u0142 op\u0142aconym w ca\u0142o\u015bci, adres e-mail: <a href=\"mailto:biuro@uwieniawy.pl\">biuro@uwieniawy.pl<\/a>, tel. <a href=\"tel:+48573000526\">+48 573 000 526<\/a><\/p><\/li><li><p><strong>Umowa Sprzeda\u017cy \/ Transakcja<\/strong> \u2013 umowa sprzeda\u017cy Towaru zawarta mi\u0119dzy Klientem a Sprzedawc\u0105 za po\u015brednictwem Sklepu Internetowego<\/p><\/li><li><p><strong>Ustawa o prawach konsumenta<\/strong> \u2013 ustawa z dnia 30 maja 2014 r. o prawach konsumenta (Dz.U.2020.287).<\/p><\/li><li><p><strong>Zam\u00f3wienie<\/strong> \u2013 o\u015bwiadczenie woli Klienta, w kt\u00f3rym to Klient akceptuje ofert\u0119 sprzeda\u017cy Sprzedawcy, kt\u00f3ra zawiera w szczeg\u00f3lno\u015bci cen\u0119, rodzaj, ilo\u015b\u0107 Produkt\u00f3w w ramach Umowy Sprzeda\u017cy za po\u015brednictwem Sklepu Internetowego. Zam\u00f3wienie Klient mo\u017ce z\u0142o\u017cy\u0107 poprzez Sklep.<\/p><\/li><\/ul><p><strong>\u00a72. Wymogi techniczne<\/strong><\/p><p>Do skutecznego z\u0142o\u017cenia Zam\u00f3wienia w konieczne jest posiadanie:<\/p><ul><li><p>aktywnego adresu e-mail,<\/p><\/li><li><p>urz\u0105dzenia z dost\u0119pem do Internetu umo\u017cliwiaj\u0105ce przegl\u0105danie stron internetowych, a tak\u017ce klawiatura lub inne urz\u0105dzenie umo\u017cliwiaj\u0105ce poprawne wype\u0142nienie formularzy elektronicznych.<\/p><\/li><\/ul><p>Strona Sklepu internetowego posiada certyfikat SSL, bezpieczny protok\u00f3\u0142 szyfrowania komunikacji.<\/p><p>W celu zabezpieczenia w\u0142asnego urz\u0105dzenia i informacji udost\u0119pnionych na Stronie, Klient powinien post\u0119powa\u0107 zgodnie z og\u00f3lnie okre\u015blonymi zasadami bezpiecze\u0144stwa w sieci.<\/p><p><strong>\u00a73. Warunki korzystania ze Strony<\/strong><\/p><p>Zam\u00f3wienia w Sklepie mo\u017cna dokonywa\u0107 poprzez wype\u0142nienie formularzy dost\u0119pnych na Stronie Sklepu.<\/p><p>Klient podczas sk\u0142adania zam\u00f3wienia jest zobowi\u0105zany do podania prawid\u0142owych danych osobowych: imienia i nazwiska, adresu zamieszkania, adresu e-mail oraz telefonu kom\u00f3rkowego.<\/p><p>Udost\u0119pnienie oraz utrwalenie tre\u015bci umowy sprzeda\u017cy nast\u0119puje poprzez udost\u0119pnienie niniejszego Regulaminu na stronie Sklepu Internetowego, przes\u0142anie stosownej informacji na adres mailowy Klienta podany przy sk\u0142adaniu Zam\u00f3wienia.<\/p><p>Dokonywanie Zam\u00f3wie\u0144 w Sklepie internetowym jest mo\u017cliwe 24 godziny w terminach, w kt\u00f3rych Sklep prowadzi sprzeda\u017c.<\/p><p><strong>\u00a74. Warunki wykonywania Zam\u00f3wie\u0144<\/strong><\/p><p>Zam\u00f3wienia przyjmowane s\u0105 za po\u015brednictwem Strony. Zakup zostaje potwierdzony informacj\u0105 zwrotn\u0105 na podany adres mailowy Klienta.<\/p><p>Warunkiem z\u0142o\u017cenia Zam\u00f3wienia jest zapoznanie si\u0119 i zaakceptowanie tre\u015bci niniejszego regulaminu. Brak akceptacji uniemo\u017cliwia skorzystanie z opcji nabycia Produktu za po\u015brednictwem Sklepu Internetowego.<\/p><p>Umowa sprzeda\u017cy zostaje zawarta z chwil\u0105 potwierdzenia przyj\u0119cia Zam\u00f3wienia do realizacji przez Sprzedawc\u0119 poprzez wiadomo\u015b\u0107 e-mail wys\u0142an\u0105 na adres podany przez Klienta.<\/p><p>Sprzedawca zastrzega, \u017ce Zam\u00f3wienia przygotowywane s\u0105 bezpo\u015brednio przed wskazanym terminem odbioru.<\/p><p><strong>\u00a75 Spos\u00f3b p\u0142atno\u015bci<\/strong><\/p><p>W Sklepie p\u0142atno\u015bci dokonywane s\u0105 przez system szybkich p\u0142atno\u015bci Przelewy24.<\/p><p>Z chwil\u0105 zaksi\u0119gowania wp\u0142aty na rachunku bankowym Sprzedawcy zam\u00f3wienie jest przekazywane do realizacji.<\/p><p>Do ka\u017cdego Zam\u00f3wienia Sprzedawca wystawia dokument sprzeda\u017cy (paragon, faktura VAT).<\/p><p><strong>\u00a76. Odbi\u00f3r Zam\u00f3wie\u0144<\/strong><\/p><p>Sprzedawca nie \u015bwiadczy us\u0142ug dostawy.<\/p><p>Termin odbioru Zam\u00f3wienia zostaje wskazany przez Sprzedawc\u0119 w wiadomo\u015bci e-mail potwierdzaj\u0105cej przyj\u0119cie Zam\u00f3wienia do realizacji, przes\u0142anej na adres e-mail podany przez Klienta podczas sk\u0142adania Zam\u00f3wienia.<\/p><p>Klient obowi\u0105zany jest dokona\u0107 odbioru Zam\u00f3wienia we w\u0142asnym zakresie z Restauracji U Wieniawy w Warszawie przy Placu Pi\u0142sudskiego 9.<\/p><p>W przypadku nieodebrania Zam\u00f3wienia w wyznaczonym terminie Produkty mog\u0105 zosta\u0107 zutylizowane ze wzgl\u0119du na ich charakter oraz kr\u00f3tki termin przydatno\u015bci do spo\u017cycia. W takim przypadku uiszczona p\u0142atno\u015b\u0107 nie podlega zwrotowi.<\/p><p><strong>\u00a77 Odst\u0105pienie od umowy<\/strong><\/p><p>Prawo do odst\u0105pienia nie przys\u0142uguje w odniesieniu do um\u00f3w uj\u0119tych w art. 38 Ustawy o Prawach Konsumenta, a w szczeg\u00f3lno\u015bci w przypadku umowy, w kt\u00f3rej przedmiotem \u015bwiadczenia jest Produkt ulegaj\u0105cy szybkiemu zepsuciu lub maj\u0105cy kr\u00f3tki termin przydatno\u015bci do u\u017cycia; je\u017celi Sprzedawca rozpocz\u0105\u0142 \u015bwiadczenie za wyra\u017an\u0105 i uprzedni\u0105 zgod\u0105 Konsumenta, kt\u00f3r\u0105 wyrazi\u0142 w momencie z\u0142o\u017cenia zakupu. Po spe\u0142nieniu \u015bwiadczenia przez Sprzedawc\u0119, Klient traci prawo odst\u0105pienia od umowy.<\/p><p>Postanowienia niniejszego paragrafu stosuje si\u0119 r\u00f3wnie\u017c do Przedsi\u0119biorc\u00f3w na Prawach Konsumenta.<\/p><p><strong>\u00a78. Dane osobowe<\/strong><\/p><p>Dane osobowe Klienta, kt\u00f3ry dokona\u0142 Zam\u00f3wienia w Sklepie przetwarzane s\u0105 w zakresie wykonania Transakcji, zgodnie z art. 18 ustawy o \u015bwiadczenie us\u0142ug drog\u0105 elektroniczn\u0105. Szczeg\u00f3\u0142y dotycz\u0105ce przetwarzania danych osobowych zosta\u0142y opisane w Polityce Prywatno\u015bci dost\u0119pnej pod adresem: <a href=\"https:\/\/www.uwieniawy.pl\/sklep\/polityka\">www.uwieniawy.pl\/sklep\/polityka<\/a><\/p><p><strong>\u00a79. Reklamacje<\/strong><\/p><p>Zg\u0142oszenie reklamacji przez Klienta powinno nast\u0105pi\u0107 poprzez przes\u0142anie na adres mailowy <a href=\"mailto:biuro@uwieniawy.pl\">biuro@uwieniawy.pl<\/a> po stwierdzeniu wady Produktu.<\/p><p>W reklamacji nale\u017cy:<\/p><ul><li><p>wskaza\u0107 numer zam\u00f3wienia,<\/p><\/li><li><p>wskaza\u0107 wad\u0119, jak\u0105 zdaniem Klienta Produkt posiada, oraz je\u017celi jest to mo\u017cliwe \u2013 udokumentowa\u0107 rzeczon\u0105 wad\u0119, dat\u0119 wyst\u0105pienia wady, oraz okre\u015bli\u0107 swoje \u017c\u0105dania zwi\u0105zane z wadliwo\u015bci\u0105 Produktu.<\/p><\/li><\/ul><p>Sklep ustosunkuje si\u0119 do \u017c\u0105da\u0144 Klienta zawartych we wniosku reklamacyjnym nie p\u00f3\u017aniej ni\u017c w terminie 14 dni od dnia jego otrzymania.<\/p><p>O sposobie rozpatrzenia Klient zostanie poinformowany drog\u0105 mailow\u0105.<\/p><p>W przypadku niepe\u0142nych danych w z\u0142o\u017conym wniosku\/reklamacji Sklep zwr\u00f3ci si\u0119 do Klienta o ich uzupe\u0142nienie.<\/p><p><strong>\u00a710. Sposoby rozwi\u0105zywania spor\u00f3w<\/strong><\/p><p>Spory pomi\u0119dzy Klientem a Sklepem, kt\u00f3re wynikaj\u0105 z dokonanego Zam\u00f3wienia lub zawarcia umowy b\u0119d\u0105 rozpatrywane przez s\u0105d w\u0142a\u015bciwy w ramach przepis\u00f3w kodeksu post\u0119powania cywilnego.<\/p><p>Klient ma mo\u017cliwo\u015b\u0107 skorzystania z pozas\u0105dowych sposob\u00f3w dochodzenia roszcze\u0144 b\u0105d\u017a reklamacji.<\/p><p>Konsument mo\u017ce skorzysta\u0107 z pozas\u0105dowych sposob\u00f3w rozpatrywania spor\u00f3w i dochodzenia roszcze\u0144, w szczeg\u00f3lno\u015bci poprzez platform\u0119 ODR dost\u0119pn\u0105 pod adresem:<br \/><a href=\"https:\/\/ec.europa.eu\/consumers\/odr\">https:\/\/ec.europa.eu\/consumers\/odr<\/a><\/p><p><strong>\u00a711. Postanowienia ko\u0144cowe<\/strong><\/p><p>Regulamin wchodzi w \u017cycie z dniem 06 marca 2026r.<\/p><p>Niniejszy Regulamin jest dost\u0119pny pod adresem: <a href=\"https:\/\/www.uwieniawy.pl\/sklep\/regulamin\">www.uwieniawy.pl\/sklep\/regulamin<\/a><\/p><p>Sprzedawca zastrzega sobie prawo do wprowadzania z wa\u017cnych przyczyn zmian w niniejszym Regulaminie. Wszelkie zmiany Regulaminu wchodz\u0105 w \u017cycie w odpowiednim terminie wskazanym przez Sprzedawc\u0119, nie kr\u00f3tszym jednak ni\u017c 7 dni.<\/p><p>W sprawach nieuregulowanych niniejszym regulaminem zastosowanie mie\u0107 b\u0119d\u0105 odpowiednie przepisy Kodeksu cywilnego oraz ustawy z 30.5.2014 r. \u2013 o prawach konsumenta.<\/p>\t\t\t\t\t\t\t\t<\/div>\n\t\t\t\t<div class=\"elementor-element elementor-element-9848723 elementor-widget elementor-widget-shortcode\" data-id=\"9848723\" data-element_type=\"widget\" data-e-type=\"widget\" data-widget_type=\"shortcode.default\">\n\t\t\t\t\t\t\t<div class=\"elementor-shortcode\"><a href=\"https:\/\/restauracjaakademia.pl\/sklep\/wp-content\/uploads\/2026\/03\/Regulamin-restauracjaakademia.pl_sklep.pdf\" class=\"pdfemb-viewer\" style=\"\" data-width=\"max\" data-height=\"max\" data-toolbar=\"bottom\" data-toolbar-fixed=\"off\">Regulamin-restauracjaakademia.pl_sklep<\/a><\/div>\n\t\t\t\t\t\t<\/div>\n\t\t\t\t\t<\/div>\n\t\t\t\t<\/div>\n\t\t\t\t<\/div>\n\t\t","protected":false},"excerpt":{"rendered":"<p>REGULAMIN SKLEPU INTERNETOWEGO uwieniawy.pl\/sklep Niniejszy Regulamin okre\u015bla zasady sprzeda\u017cy w ramach Sklepu internetowego dzia\u0142aj\u0105cego pod adresem www.uwieniawy.pl\/sklep, nale\u017c\u0105cego do Sprzedawcy, zdefiniowanego poni\u017cej. Korzystaj\u0105c ze sklepu Internetowego uwieniawy.pl\/sklep Kupuj\u0105cy potwierdza, i\u017c zapozna\u0142 si\u0119 tre\u015bci\u0105 regulaminu oraz akceptuje wszystkie jego zasady, oraz jest zobligowany do ich przestrzegania. Niniejszy regulamin jest integraln\u0105 cz\u0119\u015bci\u0105 umowy sprzeda\u017cy zawieranej mi\u0119dzy Sprzedawc\u0105 [&hellip;]<\/p>\n","protected":false},"author":1,"featured_media":80,"parent":0,"menu_order":0,"comment_status":"closed","ping_status":"closed","template":"elementor_header_footer","meta":{"_acf_changed":false,"footnotes":""},"folder":[33],"class_list":["post-77","page","type-page","status-publish","has-post-thumbnail","hentry"],"acf":[],"_links":{"self":[{"href":"https:\/\/restauracjaakademia.pl\/sklep\/wp-json\/wp\/v2\/pages\/77","targetHints":{"allow":["GET"]}}],"collection":[{"href":"https:\/\/restauracjaakademia.pl\/sklep\/wp-json\/wp\/v2\/pages"}],"about":[{"href":"https:\/\/restauracjaakademia.pl\/sklep\/wp-json\/wp\/v2\/types\/page"}],"author":[{"embeddable":true,"href":"https:\/\/restauracjaakademia.pl\/sklep\/wp-json\/wp\/v2\/users\/1"}],"replies":[{"embeddable":true,"href":"https:\/\/restauracjaakademia.pl\/sklep\/wp-json\/wp\/v2\/comments?post=77"}],"version-history":[{"count":37,"href":"https:\/\/restauracjaakademia.pl\/sklep\/wp-json\/wp\/v2\/pages\/77\/revisions"}],"predecessor-version":[{"id":609,"href":"https:\/\/restauracjaakademia.pl\/sklep\/wp-json\/wp\/v2\/pages\/77\/revisions\/609"}],"wp:featuredmedia":[{"embeddable":true,"href":"https:\/\/restauracjaakademia.pl\/sklep\/wp-json\/wp\/v2\/media\/80"}],"wp:attachment":[{"href":"https:\/\/restauracjaakademia.pl\/sklep\/wp-json\/wp\/v2\/media?parent=77"}],"wp:term":[{"taxonomy":"folder","embeddable":true,"href":"https:\/\/restauracjaakademia.pl\/sklep\/wp-json\/wp\/v2\/folder?post=77"}],"curies":[{"name":"wp","href":"https:\/\/api.w.org\/{rel}","templated":true}]}}