{"id":220,"date":"2026-03-09T12:17:39","date_gmt":"2026-03-09T11:17:39","guid":{"rendered":"http:\/\/elementor1\/?page_id=220"},"modified":"2026-03-10T15:50:46","modified_gmt":"2026-03-10T14:50:46","slug":"polityka","status":"publish","type":"page","link":"https:\/\/restauracjaakademia.pl\/sklep\/polityka\/","title":{"rendered":"Polityka"},"content":{"rendered":"\t\t<div data-elementor-type=\"wp-page\" data-elementor-id=\"220\" class=\"elementor elementor-220\" data-elementor-post-type=\"page\">\n\t\t\t\t<div class=\"elementor-element elementor-element-412ac26a e-flex e-con-boxed e-con e-parent\" data-id=\"412ac26a\" data-element_type=\"container\" data-e-type=\"container\">\n\t\t\t\t\t<div class=\"e-con-inner\">\n\t\t\t\t<div class=\"elementor-element elementor-element-7deca6b2 elementor-widget-mobile__width-inherit elementor-hidden-desktop elementor-hidden-tablet elementor-hidden-mobile elementor-widget elementor-widget-heading\" data-id=\"7deca6b2\" data-element_type=\"widget\" data-e-type=\"widget\" data-widget_type=\"heading.default\">\n\t\t\t\t\t<h1 class=\"elementor-heading-title elementor-size-default\">POLITYKA PRYWATNO\u015aCI\nSKLEPU INTERNETOWEGO \nuwieniawy.pl\/sklep\n<\/h1>\t\t\t\t<\/div>\n\t\t\t\t<div class=\"elementor-element elementor-element-b919138 elementor-hidden-desktop elementor-hidden-tablet elementor-hidden-mobile elementor-widget elementor-widget-text-editor\" data-id=\"b919138\" data-element_type=\"widget\" data-e-type=\"widget\" data-widget_type=\"text-editor.default\">\n\t\t\t\t\t\t\t\t\t<p><strong>\u00a71 Administrator danych osobowych<\/strong><\/p><p>Administratorem danych osobowych jest:<\/p><p>Grato 2 Sp. z o.o.<br \/>Plac Pi\u0142sudskiego 9<br \/>00-078 Warszawa<br \/>NIP 5253073256<br \/>KRS 0001214326<br \/>REGON 543592922<\/p><p>adres e-mail: <a href=\"mailto:biuro@uwieniawy.pl\">biuro@uwieniawy.pl<\/a><br \/>tel.: <a href=\"tel:+48573000526\">+48 573 000 526<\/a><\/p><p>Administrator przetwarza dane osobowe zgodnie z przepisami:<\/p><ul><li><p>Rozporz\u0105dzenia Parlamentu Europejskiego i Rady (UE) 2016\/679 (RODO),<\/p><\/li><li><p>ustawy o \u015bwiadczeniu us\u0142ug drog\u0105 elektroniczn\u0105,<\/p><\/li><li><p>ustawy o prawach konsumenta.<\/p><\/li><\/ul><p><strong>\u00a72 Zakres zbieranych danych<\/strong><\/p><p>Administrator mo\u017ce przetwarza\u0107 nast\u0119puj\u0105ce dane osobowe Klienta:<\/p><ul><li><p>imi\u0119 i nazwisko<\/p><\/li><li><p>adres e-mail<\/p><\/li><li><p>numer telefonu<\/p><\/li><li><p>adres zamieszkania lub adres do faktury<\/p><\/li><li><p>dane do faktury (w przypadku przedsi\u0119biorc\u00f3w)<\/p><\/li><li><p>dane dotycz\u0105ce zam\u00f3wienia<\/p><\/li><li><p>adres IP<\/p><\/li><li><p>dane zapisane w plikach cookies<\/p><\/li><\/ul><p>Podanie danych jest dobrowolne, jednak niezb\u0119dne do realizacji zam\u00f3wienia w sklepie internetowym.<\/p><p><strong>\u00a73 Cele przetwarzania danych<\/strong><\/p><p>Dane osobowe przetwarzane s\u0105 w celu:<\/p><ul><li><p>realizacji zam\u00f3wienia w sklepie internetowym<\/p><\/li><li><p>obs\u0142ugi p\u0142atno\u015bci elektronicznych<\/p><\/li><li><p>wystawienia dokument\u00f3w ksi\u0119gowych<\/p><\/li><li><p>obs\u0142ugi reklamacji i zapyta\u0144 klient\u00f3w<\/p><\/li><li><p>realizacji obowi\u0105zk\u00f3w prawnych ci\u0105\u017c\u0105cych na administratorze<\/p><\/li><li><p>ewentualnego dochodzenia lub obrony roszcze\u0144<\/p><\/li><li><p>wysy\u0142ki newslettera (je\u017celi u\u017cytkownik wyrazi\u0142 zgod\u0119)<\/p><\/li><\/ul><p><strong>\u00a74 Podstawa prawna przetwarzania<\/strong><\/p><p>Dane osobowe przetwarzane s\u0105 na podstawie:<\/p><ul><li><p>art. 6 ust. 1 lit. b RODO: realizacja umowy sprzeda\u017cy<\/p><\/li><li><p>art. 6 ust. 1 lit. c RODO: obowi\u0105zki prawne (np. podatkowe)<\/p><\/li><li><p>art. 6 ust. 1 lit. f RODO: prawnie uzasadniony interes administratora<\/p><\/li><li><p>art. 6 ust. 1 lit. a RODO: zgoda u\u017cytkownika (np. newsletter)<\/p><\/li><\/ul><p><strong>\u00a75 Przekazywanie danych<\/strong><\/p><p>Dane osobowe mog\u0105 by\u0107 przekazywane podmiotom wspieraj\u0105cym realizacj\u0119 us\u0142ug, w szczeg\u00f3lno\u015bci:<\/p><ul><li><p>operatorom p\u0142atno\u015bci elektronicznych, w tym Przelewy24<\/p><\/li><li><p>firmom ksi\u0119gowym<\/p><\/li><li><p>dostawcom us\u0142ug IT i hostingu<\/p><\/li><li><p>podmiotom obs\u0142uguj\u0105cym system sklepu internetowego<\/p><\/li><\/ul><p>Dane nie s\u0105 przekazywane poza Europejski Obszar Gospodarczy, chyba \u017ce wynika to z korzystania z us\u0142ug podmiot\u00f3w stosuj\u0105cych odpowiednie zabezpieczenia zgodne z RODO.<\/p><p><strong>\u00a76 Okres przechowywania danych<\/strong><\/p><p>Dane osobowe przechowywane s\u0105:<\/p><ul><li><p>przez czas realizacji zam\u00f3wienia oraz obs\u0142ugi posprzeda\u017cowej<\/p><\/li><li><p>przez okres wymagany przepisami prawa podatkowego i rachunkowego<\/p><\/li><li><p>do czasu przedawnienia ewentualnych roszcze\u0144<\/p><\/li><li><p>do czasu wycofania zgody, w przypadku danych przetwarzanych na podstawie zgody<\/p><\/li><\/ul><p><strong>\u00a77 Prawa osoby, kt\u00f3rej dane dotycz\u0105<\/strong><\/p><p>Osobie, kt\u00f3rej dane dotycz\u0105, przys\u0142uguje prawo do:<\/p><ul><li><p>dost\u0119pu do danych<\/p><\/li><li><p>sprostowania danych<\/p><\/li><li><p>usuni\u0119cia danych (\u201eprawo do bycia zapomnianym\u201d)<\/p><\/li><li><p>ograniczenia przetwarzania<\/p><\/li><li><p>przenoszenia danych<\/p><\/li><li><p>wniesienia sprzeciwu wobec przetwarzania<\/p><\/li><li><p>cofni\u0119cia zgody na przetwarzanie danych<\/p><\/li><\/ul><p>W celu realizacji powy\u017cszych praw nale\u017cy skontaktowa\u0107 si\u0119 z administratorem danych.<\/p><p><strong>\u00a78 Skarga do organu nadzorczego<\/strong><\/p><p>Osoba, kt\u00f3rej dane dotycz\u0105, ma prawo wniesienia skargi do organu nadzorczego:<\/p><p>Prezesa Urz\u0119du Ochrony Danych Osobowych<br \/>ul. Stawki 2<br \/>00-193 Warszawa<\/p><p><strong>\u00a79 Pliki cookies<\/strong><\/p><p>Strona sklepu wykorzystuje pliki cookies w celu:<\/p><ul><li><p>zapewnienia prawid\u0142owego dzia\u0142ania strony<\/p><\/li><li><p>obs\u0142ugi procesu zam\u00f3wienia<\/p><\/li><li><p>prowadzenia statystyk odwiedzin strony<\/p><\/li><li><p>poprawy funkcjonowania sklepu<\/p><\/li><\/ul><p>U\u017cytkownik mo\u017ce w ka\u017cdej chwili zmieni\u0107 ustawienia cookies w swojej przegl\u0105darce internetowej.<\/p><p>Ograniczenie stosowania plik\u00f3w cookies mo\u017ce wp\u0142yn\u0105\u0107 na niekt\u00f3re funkcjonalno\u015bci strony.<\/p><p><strong>\u00a710 Zmiany polityki prywatno\u015bci<\/strong><\/p><p>Administrator zastrzega sobie prawo do wprowadzania zmian w niniejszej Polityce Prywatno\u015bci w przypadku:<\/p><ul><li><p>zmiany przepis\u00f3w prawa<\/p><\/li><li><p>zmiany sposobu funkcjonowania sklepu internetowego<\/p><\/li><li><p>wprowadzenia nowych us\u0142ug<\/p><\/li><\/ul><p>Aktualna wersja Polityki Prywatno\u015bci jest zawsze dost\u0119pna na stronie internetowej sklepu.<\/p>\t\t\t\t\t\t\t\t<\/div>\n\t\t\t\t<div class=\"elementor-element elementor-element-5ff861d elementor-widget elementor-widget-shortcode\" data-id=\"5ff861d\" data-element_type=\"widget\" data-e-type=\"widget\" data-widget_type=\"shortcode.default\">\n\t\t\t\t\t\t\t<div class=\"elementor-shortcode\"><a href=\"\/sklep\/wp-content\/uploads\/2026\/03\/Polityka-prywatnosci_restauracjaakademia.pl_sklep.pdf\" class=\"pdfemb-viewer\" style=\"\" data-width=\"max\" data-height=\"max\" data-toolbar=\"bottom\" data-toolbar-fixed=\"off\">Polityka-prywatnosci_restauracjaakademia.pl_sklep<\/a><\/div>\n\t\t\t\t\t\t<\/div>\n\t\t\t\t\t<\/div>\n\t\t\t\t<\/div>\n\t\t\t\t<\/div>\n\t\t","protected":false},"excerpt":{"rendered":"<p>POLITYKA PRYWATNO\u015aCI SKLEPU INTERNETOWEGO uwieniawy.pl\/sklep \u00a71 Administrator danych osobowych Administratorem danych osobowych jest: Grato 2 Sp. z o.o.Plac Pi\u0142sudskiego 900-078 WarszawaNIP 5253073256KRS 0001214326REGON 543592922 adres e-mail: biuro@uwieniawy.pltel.: +48 573 000 526 Administrator przetwarza dane osobowe zgodnie z przepisami: Rozporz\u0105dzenia Parlamentu Europejskiego i Rady (UE) 2016\/679 (RODO), ustawy o \u015bwiadczeniu us\u0142ug drog\u0105 elektroniczn\u0105, ustawy o prawach [&hellip;]<\/p>\n","protected":false},"author":1,"featured_media":80,"parent":0,"menu_order":0,"comment_status":"closed","ping_status":"closed","template":"elementor_header_footer","meta":{"_acf_changed":false,"footnotes":""},"folder":[33],"class_list":["post-220","page","type-page","status-publish","has-post-thumbnail","hentry"],"acf":[],"_links":{"self":[{"href":"https:\/\/restauracjaakademia.pl\/sklep\/wp-json\/wp\/v2\/pages\/220","targetHints":{"allow":["GET"]}}],"collection":[{"href":"https:\/\/restauracjaakademia.pl\/sklep\/wp-json\/wp\/v2\/pages"}],"about":[{"href":"https:\/\/restauracjaakademia.pl\/sklep\/wp-json\/wp\/v2\/types\/page"}],"author":[{"embeddable":true,"href":"https:\/\/restauracjaakademia.pl\/sklep\/wp-json\/wp\/v2\/users\/1"}],"replies":[{"embeddable":true,"href":"https:\/\/restauracjaakademia.pl\/sklep\/wp-json\/wp\/v2\/comments?post=220"}],"version-history":[{"count":28,"href":"https:\/\/restauracjaakademia.pl\/sklep\/wp-json\/wp\/v2\/pages\/220\/revisions"}],"predecessor-version":[{"id":612,"href":"https:\/\/restauracjaakademia.pl\/sklep\/wp-json\/wp\/v2\/pages\/220\/revisions\/612"}],"wp:featuredmedia":[{"embeddable":true,"href":"https:\/\/restauracjaakademia.pl\/sklep\/wp-json\/wp\/v2\/media\/80"}],"wp:attachment":[{"href":"https:\/\/restauracjaakademia.pl\/sklep\/wp-json\/wp\/v2\/media?parent=220"}],"wp:term":[{"taxonomy":"folder","embeddable":true,"href":"https:\/\/restauracjaakademia.pl\/sklep\/wp-json\/wp\/v2\/folder?post=220"}],"curies":[{"name":"wp","href":"https:\/\/api.w.org\/{rel}","templated":true}]}}