{"id":1159,"date":"2023-09-11T15:34:32","date_gmt":"2023-09-11T13:34:32","guid":{"rendered":"https:\/\/restauracjaakademia.pl\/menu\/"},"modified":"2026-03-17T17:52:16","modified_gmt":"2026-03-17T16:52:16","slug":"menu","status":"publish","type":"page","link":"https:\/\/restauracjaakademia.pl\/en\/menu\/","title":{"rendered":"Menu"},"content":{"rendered":"\n<h3 class=\"wp-block-heading has-text-align-center\">Starters<\/h3>\n\n\n\n<figure class=\"wp-block-table table-menu\"><table><tbody><tr><td>Tomato tartare with capers and shallots<\/td><td class=\"has-text-align-right\" data-align=\"right\"><strong>54 z\u0142<\/strong><\/td><\/tr><tr><td>Herring with marinated red onion, sour cream and baked potato<\/td><td class=\"has-text-align-right\" data-align=\"right\"><strong>49 z\u0142<\/strong><\/td><\/tr><tr><td>Pork leg jelly with horseraddish mouse and pickles<\/td><td class=\"has-text-align-right\" data-align=\"right\"><strong>49 z\u0142<\/strong><\/td><\/tr><tr><td>Beef tartare with onion, gherkin and mushrooms<\/td><td class=\"has-text-align-right\" data-align=\"right\"><strong>59 z\u0142<\/strong><\/td><\/tr><tr><td>Beef carpaccio on truffle mousse with capers<\/td><td class=\"has-text-align-right\" data-align=\"right\"><strong>78 z\u0142<\/strong><\/td><\/tr><tr><td>Salad with baked goat cheese, avocado and fruits<\/td><td class=\"has-text-align-right\" data-align=\"right\"><strong>58 z\u0142<\/strong><\/td><\/tr><tr><td>Antonius caviar 5*(30g\/50g) with buckwheat blinis and sour cream<\/td><td class=\"has-text-align-right\" data-align=\"right\"><strong>410\/610 z\u0142<\/strong><\/td><\/tr><\/tbody><\/table><\/figure>\n\n\n\n<h3 class=\"wp-block-heading has-text-align-center\">Soups<\/h3>\n\n\n\n<figure class=\"wp-block-table table-menu\"><table><tbody><tr><td>Homemade broth with quail egg noodles<\/td><td class=\"has-text-align-right\" data-align=\"right\"><strong>29 z\u0142<\/strong><\/td><\/tr><tr><td>White vegetables cream soup with truffle oil<\/td><td class=\"has-text-align-right\" data-align=\"right\"><strong>32 z\u0142<\/strong><\/td><\/tr><tr><td>Beetroot soup with sour cream and fresh dill<\/td><td class=\"has-text-align-right\" data-align=\"right\"><strong>34 z\u0142<\/strong><\/td><\/tr><\/tbody><\/table><\/figure>\n\n\n\n<h3 class=\"wp-block-heading has-text-align-center\">Main courses<\/h3>\n\n\n\n<figure class=\"wp-block-table table-menu\"><table><tbody><tr><td>Basil risotto with green peas and aged polish cheese<\/td><td class=\"has-text-align-right\" data-align=\"right\"><strong>79 z\u0142<\/strong><\/td><\/tr><tr><td>Pierogi dumplings with veal and bacon crust<\/td><td class=\"has-text-align-right\" data-align=\"right\"><strong>69 z\u0142<\/strong><\/td><\/tr><tr><td>Salmon Nori with homemade teriyaki sauce and wasabi mayonnaise<\/td><td class=\"has-text-align-right\" data-align=\"right\"><strong>87 z\u0142<\/strong><\/td><\/tr><tr><td>Mafaldine pasta on lobster bisque with seafood<\/td><td class=\"has-text-align-right\" data-align=\"right\"><strong>87 z\u0142<\/strong><\/td><\/tr><tr><td>De Volaille with mashed potatoes and sauted carrots and peas<\/td><td class=\"has-text-align-right\" data-align=\"right\"><strong>68 z\u0142<\/strong><\/td><\/tr><tr><td>Rabbit on vegetables sauce with potato dumplings and sauteed cabbage<\/td><td class=\"has-text-align-right\" data-align=\"right\"><strong>78 z\u0142<\/strong><\/td><\/tr><tr><td>Breaded Pu\u0142awska pork chop with bone served with potato puree and sauted cabbage<\/td><td class=\"has-text-align-right\" data-align=\"right\"><strong>78 z\u0142<\/strong><\/td><\/tr><tr><td>Beef loin with beef cheeks praline, truffle sauce and wild broccoli<\/td><td class=\"has-text-align-right\" data-align=\"right\"><strong>168 z\u0142<\/strong><\/td><\/tr><tr><td>Tasting menu (5 courses)<\/td><td class=\"has-text-align-right\" data-align=\"right\"><strong>289 z\u0142<\/strong><\/td><\/tr><\/tbody><\/table><\/figure>\n\n\n\n<h3 class=\"wp-block-heading has-text-align-center\">Desserts<\/h3>\n\n\n\n<figure class=\"wp-block-table table-menu\"><table><tbody><tr><td>Plum tart with chocolate and prune ice cream<\/td><td class=\"has-text-align-right\" data-align=\"right\"><strong>34 z\u0142<\/strong><\/td><\/tr><tr><td>Cr\u00e8me br\u00fbl\u00e9e<\/td><td class=\"has-text-align-right\" data-align=\"right\"><strong>32 z\u0142<\/strong><\/td><\/tr><tr><td>\u201eAkademia\u201c signature cheesecake<\/td><td class=\"has-text-align-right\" data-align=\"right\"><strong>34 z\u0142<\/strong><\/td><\/tr><tr><td>Chocolate fondant with white chocolate on cherry mousse<\/td><td class=\"has-text-align-right\" data-align=\"right\"><strong>38 z\u0142<\/strong><\/td><\/tr><tr><td>French cheese selection with homemade jam<\/td><td class=\"has-text-align-right\" data-align=\"right\"><strong>69 z\u0142<\/strong><\/td><\/tr><\/tbody><\/table><\/figure>\n\n\n\n<p class=\"has-text-align-center\">Tables of 5 persons or over shall be charged 12,5 % service fee.<\/p>\n\n\n\n<p><\/p>\n","protected":false},"excerpt":{"rendered":"<p>Starters Tomato tartare with capers and shallots 54 z\u0142 Herring with marinated red onion, sour cream&#8230;<\/p>\n","protected":false},"author":1,"featured_media":11765,"parent":0,"menu_order":0,"comment_status":"closed","ping_status":"closed","template":"","meta":{"footnotes":""},"class_list":["post-1159","page","type-page","status-publish","has-post-thumbnail","hentry"],"acf":[],"yoast_head":"<!-- This site is optimized with the Yoast SEO plugin v21.6 - https:\/\/yoast.com\/wordpress\/plugins\/seo\/ -->\n<title>Menu - Restauracja Akademia<\/title>\n<meta name=\"robots\" content=\"index, follow, max-snippet:-1, max-image-preview:large, max-video-preview:-1\" \/>\n<link rel=\"canonical\" href=\"https:\/\/restauracjaakademia.pl\/en\/menu\/\" \/>\n<meta property=\"og:locale\" content=\"en_US\" \/>\n<meta property=\"og:type\" content=\"article\" \/>\n<meta property=\"og:title\" content=\"Menu - Restauracja Akademia\" \/>\n<meta property=\"og:description\" content=\"Starters Tomato tartare with capers and shallots 54 z\u0142 Herring with marinated red onion, sour cream...\" \/>\n<meta property=\"og:url\" content=\"https:\/\/restauracjaakademia.pl\/en\/menu\/\" \/>\n<meta property=\"og:site_name\" content=\"Restauracja Akademia\" \/>\n<meta property=\"article:publisher\" content=\"https:\/\/www.facebook.com\/AkademiaRestauracja\/\" \/>\n<meta property=\"article:modified_time\" content=\"2026-03-17T16:52:16+00:00\" \/>\n<meta property=\"og:image\" content=\"https:\/\/restauracjaakademia.pl\/wp-content\/uploads\/2025\/01\/2024_07_30_MEDIOVO_Akademia_Restauracja-4-scaled.jpg\" \/>\n\t<meta property=\"og:image:width\" content=\"1703\" \/>\n\t<meta property=\"og:image:height\" content=\"2560\" \/>\n\t<meta property=\"og:image:type\" content=\"image\/jpeg\" \/>\n<meta name=\"twitter:card\" content=\"summary_large_image\" \/>\n<meta name=\"twitter:site\" content=\"@RestauracjaAka2\" \/>\n<meta name=\"twitter:label1\" content=\"Est. reading time\" \/>\n\t<meta name=\"twitter:data1\" content=\"2 minutes\" \/>\n<script type=\"application\/ld+json\" class=\"yoast-schema-graph\">{\"@context\":\"https:\/\/schema.org\",\"@graph\":[{\"@type\":\"WebPage\",\"@id\":\"https:\/\/restauracjaakademia.pl\/en\/menu\/\",\"url\":\"https:\/\/restauracjaakademia.pl\/en\/menu\/\",\"name\":\"Menu - Restauracja Akademia\",\"isPartOf\":{\"@id\":\"https:\/\/restauracjaakademia.pl\/en\/#website\"},\"datePublished\":\"2023-09-11T13:34:32+00:00\",\"dateModified\":\"2026-03-17T16:52:16+00:00\",\"breadcrumb\":{\"@id\":\"https:\/\/restauracjaakademia.pl\/en\/menu\/#breadcrumb\"},\"inLanguage\":\"en-US\",\"potentialAction\":[{\"@type\":\"ReadAction\",\"target\":[\"https:\/\/restauracjaakademia.pl\/en\/menu\/\"]}]},{\"@type\":\"BreadcrumbList\",\"@id\":\"https:\/\/restauracjaakademia.pl\/en\/menu\/#breadcrumb\",\"itemListElement\":[{\"@type\":\"ListItem\",\"position\":1,\"name\":\"Strona g\u0142\u00f3wna\",\"item\":\"https:\/\/restauracjaakademia.pl\/en\/\"},{\"@type\":\"ListItem\",\"position\":2,\"name\":\"Menu\"}]},{\"@type\":\"WebSite\",\"@id\":\"https:\/\/restauracjaakademia.pl\/en\/#website\",\"url\":\"https:\/\/restauracjaakademia.pl\/en\/\",\"name\":\"Restauracja Akademia\",\"description\":\"Najlepsza restauracja w Warszawie\",\"publisher\":{\"@id\":\"https:\/\/restauracjaakademia.pl\/en\/#organization\"},\"potentialAction\":[{\"@type\":\"SearchAction\",\"target\":{\"@type\":\"EntryPoint\",\"urlTemplate\":\"https:\/\/restauracjaakademia.pl\/en\/?s={search_term_string}\"},\"query-input\":\"required name=search_term_string\"}],\"inLanguage\":\"en-US\"},{\"@type\":\"Organization\",\"@id\":\"https:\/\/restauracjaakademia.pl\/en\/#organization\",\"name\":\"Restauracja Akademia\",\"url\":\"https:\/\/restauracjaakademia.pl\/en\/\",\"logo\":{\"@type\":\"ImageObject\",\"inLanguage\":\"en-US\",\"@id\":\"https:\/\/restauracjaakademia.pl\/en\/#\/schema\/logo\/image\/\",\"url\":\"https:\/\/restauracjaakademia.pl\/wp-content\/uploads\/2023\/09\/logo-restauracja-akademiaakademia-black.png\",\"contentUrl\":\"https:\/\/restauracjaakademia.pl\/wp-content\/uploads\/2023\/09\/logo-restauracja-akademiaakademia-black.png\",\"width\":320,\"height\":124,\"caption\":\"Restauracja Akademia\"},\"image\":{\"@id\":\"https:\/\/restauracjaakademia.pl\/en\/#\/schema\/logo\/image\/\"},\"sameAs\":[\"https:\/\/www.facebook.com\/AkademiaRestauracja\/\",\"https:\/\/twitter.com\/RestauracjaAka2\"]}]}<\/script>\n<!-- \/ Yoast SEO plugin. -->","yoast_head_json":{"title":"Menu - Restauracja Akademia","robots":{"index":"index","follow":"follow","max-snippet":"max-snippet:-1","max-image-preview":"max-image-preview:large","max-video-preview":"max-video-preview:-1"},"canonical":"https:\/\/restauracjaakademia.pl\/en\/menu\/","og_locale":"en_US","og_type":"article","og_title":"Menu - Restauracja Akademia","og_description":"Starters Tomato tartare with capers and shallots 54 z\u0142 Herring with marinated red onion, sour cream...","og_url":"https:\/\/restauracjaakademia.pl\/en\/menu\/","og_site_name":"Restauracja Akademia","article_publisher":"https:\/\/www.facebook.com\/AkademiaRestauracja\/","article_modified_time":"2026-03-17T16:52:16+00:00","og_image":[{"width":1703,"height":2560,"url":"https:\/\/restauracjaakademia.pl\/wp-content\/uploads\/2025\/01\/2024_07_30_MEDIOVO_Akademia_Restauracja-4-scaled.jpg","type":"image\/jpeg"}],"twitter_card":"summary_large_image","twitter_site":"@RestauracjaAka2","twitter_misc":{"Est. reading time":"2 minutes"},"schema":{"@context":"https:\/\/schema.org","@graph":[{"@type":"WebPage","@id":"https:\/\/restauracjaakademia.pl\/en\/menu\/","url":"https:\/\/restauracjaakademia.pl\/en\/menu\/","name":"Menu - Restauracja Akademia","isPartOf":{"@id":"https:\/\/restauracjaakademia.pl\/en\/#website"},"datePublished":"2023-09-11T13:34:32+00:00","dateModified":"2026-03-17T16:52:16+00:00","breadcrumb":{"@id":"https:\/\/restauracjaakademia.pl\/en\/menu\/#breadcrumb"},"inLanguage":"en-US","potentialAction":[{"@type":"ReadAction","target":["https:\/\/restauracjaakademia.pl\/en\/menu\/"]}]},{"@type":"BreadcrumbList","@id":"https:\/\/restauracjaakademia.pl\/en\/menu\/#breadcrumb","itemListElement":[{"@type":"ListItem","position":1,"name":"Strona g\u0142\u00f3wna","item":"https:\/\/restauracjaakademia.pl\/en\/"},{"@type":"ListItem","position":2,"name":"Menu"}]},{"@type":"WebSite","@id":"https:\/\/restauracjaakademia.pl\/en\/#website","url":"https:\/\/restauracjaakademia.pl\/en\/","name":"Restauracja Akademia","description":"Najlepsza restauracja w Warszawie","publisher":{"@id":"https:\/\/restauracjaakademia.pl\/en\/#organization"},"potentialAction":[{"@type":"SearchAction","target":{"@type":"EntryPoint","urlTemplate":"https:\/\/restauracjaakademia.pl\/en\/?s={search_term_string}"},"query-input":"required name=search_term_string"}],"inLanguage":"en-US"},{"@type":"Organization","@id":"https:\/\/restauracjaakademia.pl\/en\/#organization","name":"Restauracja Akademia","url":"https:\/\/restauracjaakademia.pl\/en\/","logo":{"@type":"ImageObject","inLanguage":"en-US","@id":"https:\/\/restauracjaakademia.pl\/en\/#\/schema\/logo\/image\/","url":"https:\/\/restauracjaakademia.pl\/wp-content\/uploads\/2023\/09\/logo-restauracja-akademiaakademia-black.png","contentUrl":"https:\/\/restauracjaakademia.pl\/wp-content\/uploads\/2023\/09\/logo-restauracja-akademiaakademia-black.png","width":320,"height":124,"caption":"Restauracja Akademia"},"image":{"@id":"https:\/\/restauracjaakademia.pl\/en\/#\/schema\/logo\/image\/"},"sameAs":["https:\/\/www.facebook.com\/AkademiaRestauracja\/","https:\/\/twitter.com\/RestauracjaAka2"]}]}},"_links":{"self":[{"href":"https:\/\/restauracjaakademia.pl\/en\/wp-json\/wp\/v2\/pages\/1159","targetHints":{"allow":["GET"]}}],"collection":[{"href":"https:\/\/restauracjaakademia.pl\/en\/wp-json\/wp\/v2\/pages"}],"about":[{"href":"https:\/\/restauracjaakademia.pl\/en\/wp-json\/wp\/v2\/types\/page"}],"author":[{"embeddable":true,"href":"https:\/\/restauracjaakademia.pl\/en\/wp-json\/wp\/v2\/users\/1"}],"replies":[{"embeddable":true,"href":"https:\/\/restauracjaakademia.pl\/en\/wp-json\/wp\/v2\/comments?post=1159"}],"version-history":[{"count":54,"href":"https:\/\/restauracjaakademia.pl\/en\/wp-json\/wp\/v2\/pages\/1159\/revisions"}],"predecessor-version":[{"id":12722,"href":"https:\/\/restauracjaakademia.pl\/en\/wp-json\/wp\/v2\/pages\/1159\/revisions\/12722"}],"wp:featuredmedia":[{"embeddable":true,"href":"https:\/\/restauracjaakademia.pl\/en\/wp-json\/wp\/v2\/media\/11765"}],"wp:attachment":[{"href":"https:\/\/restauracjaakademia.pl\/en\/wp-json\/wp\/v2\/media?parent=1159"}],"curies":[{"name":"wp","href":"https:\/\/api.w.org\/{rel}","templated":true}]}}